{"id":1671,"date":"2019-03-28T13:19:22","date_gmt":"2019-03-28T12:19:22","guid":{"rendered":"http:\/\/as4m.eu\/?page_id=1671"},"modified":"2019-06-03T12:08:30","modified_gmt":"2019-06-03T10:08:30","slug":"privathospitalet-molholm-vejle","status":"publish","type":"page","link":"http:\/\/as4m.eu\/da\/kliniker\/privathospitalet-molholm-vejle\/","title":{"rendered":"Privathospitalet M\u00f8lholm, Vejle"},"content":{"rendered":"<p>&nbsp;<\/p>\r\n\r\n<h4 class=\"wp-block-heading\">Privathospitalet M\u00f8lholms overordnede kompas<\/h4>\r\n\r\n\r\n\r\n<h3 class=\"wp-block-heading\">Vision<\/h3>\r\n\r\n\r\n\r\n<p>Vi vil v\u00e6re det bedste privathospital i Nordeuropa m\u00e5lt p\u00e5 patient- og kundetilfredshed.<\/p>\r\n\r\n\r\n\r\n<h3 class=\"wp-block-heading\">Mission<\/h3>\r\n\r\n\r\n\r\n<p>Vi er det attraktive private behandlings alternativ, som giver hurtig adgang til yderst kompetente speciall\u00e6ger og specialister.<\/p>\r\n\r\n\r\n\r\n<p>Vi er til for patienterne, og derfor er patienten det naturlige omdrejningspunkt for alt, hvad vi laver. Gennem t\u00e6t dialog og n\u00e6rhed til patienterne og p\u00e5r\u00f8rende, giver vi et ansvarsfuldt og trygt behandlingsforl\u00f8b med en h\u00f8j kvalitetsoplevelse.<\/p>\r\n\r\n\r\n\r\n<h3 class=\"wp-block-heading\">Vores 5 v\u00e6rdier<\/h3>\r\n\r\n\r\n\r\n<ol>\r\n<li>\u00a0Vi s\u00e6tter vores patienters sundhed som h\u00f8jeste prioritet, i alt hvad vi g\u00f8r<\/li>\r\n<li>\u00a0Vi tager det n\u00f8dvendige ansvar for patienten og p\u00e5r\u00f8rende \u2013 ogs\u00e5 p\u00e5 tv\u00e6rs af specialer<\/li>\r\n<li>\u00a0Vi har en h\u00f8j faglighed, som hele tiden skal udfordres og udvikles<\/li>\r\n<li>\u00a0Vi giver vores patienter en h\u00f8j individuel service, er venlige og im\u00f8dekommende<\/li>\r\n<li>\u00a0Vi er n\u00e6rv\u00e6rende og ordentlige, i det vi g\u00f8r, og i det vi siger overfor patienterne og overfor hinanden<\/li>\r\n<\/ol>\r\n\r\n\r\n\r\n<p><a href=\"https:\/\/www.molholm.dk\/\" target=\"_blank\" rel=\"noreferrer noopener\" aria-label=\" (\u00f6ppnas i en ny flik)\">https:\/\/www.molholm.dk\/<\/a><\/p>\r\n\r\n\r\n\r\n<p><a href=\"http:\/\/as4m.eu\/wp-content\/uploads\/MolholmHelbredsskemaWeb.pdf\" target=\"_blank\" rel=\"noreferrer noopener\" aria-label=\"PatientoplysningsSkema  (\u00f6ppnas i en ny flik)\">PatientoplysningsSkema <\/a><br \/>&#8211; f\u00f6r dig som skall opereras vid Privatsjukhuset M\u00f8lholm<\/p>\r\n\r\n\r\n\r\n<p><a href=\"https:\/\/www.molholm.dk\/praktisk-information\/vaerd-at-vide\/\" target=\"_blank\" rel=\"noreferrer noopener\" aria-label=\" (\u00f6ppnas i en ny flik)\">Inden operationen<\/a><\/p>\r\n\r\n\r\n\r\n<p><a href=\"https:\/\/www.molholm.dk\/praktisk-information\/koerselsvejledning\/\" target=\"_blank\" rel=\"noreferrer noopener\" aria-label=\"V\u00e4gbeskrivning (\u00f6ppnas i en ny flik)\">Vejbeskrivning<\/a><\/p>\r\n\r\n<p>&nbsp;<\/p>","protected":false},"excerpt":{"rendered":"<p>&nbsp; Privathospitalet M\u00f8lholms overordnede kompas Vision Vi vil v\u00e6re det bedste privathospital i Nordeuropa m\u00e5lt p\u00e5 patient- og kundetilfredshed. Mission Vi er det attraktive private behandlings alternativ, som giver hurtig adgang til yderst kompetente speciall\u00e6ger og specialister. Vi er til for patienterne, og derfor er patienten det naturlige omdrejningspunkt for alt, hvad vi laver. Gennem &hellip;<\/p>\n<p class=\"read-more\"> <a class=\"\" href=\"http:\/\/as4m.eu\/da\/kliniker\/privathospitalet-molholm-vejle\/\"> <span class=\"screen-reader-text\">Privathospitalet M\u00f8lholm, Vejle<\/span> L\u00e6s mere &raquo;<\/a><\/p>\n","protected":false},"author":1,"featured_media":1658,"parent":844,"menu_order":5,"comment_status":"closed","ping_status":"closed","template":"","meta":{"footnotes":""},"translation":{"provider":"WPGlobus","version":"2.12.2","language":"da","enabled_languages":["sv","da","en"],"languages":{"sv":{"title":true,"content":true,"excerpt":false},"da":{"title":true,"content":true,"excerpt":false},"en":{"title":false,"content":false,"excerpt":false}}},"wps_subtitle":"","_links":{"self":[{"href":"http:\/\/as4m.eu\/da\/wp-json\/wp\/v2\/pages\/1671"}],"collection":[{"href":"http:\/\/as4m.eu\/da\/wp-json\/wp\/v2\/pages"}],"about":[{"href":"http:\/\/as4m.eu\/da\/wp-json\/wp\/v2\/types\/page"}],"author":[{"embeddable":true,"href":"http:\/\/as4m.eu\/da\/wp-json\/wp\/v2\/users\/1"}],"replies":[{"embeddable":true,"href":"http:\/\/as4m.eu\/da\/wp-json\/wp\/v2\/comments?post=1671"}],"version-history":[{"count":24,"href":"http:\/\/as4m.eu\/da\/wp-json\/wp\/v2\/pages\/1671\/revisions"}],"predecessor-version":[{"id":2061,"href":"http:\/\/as4m.eu\/da\/wp-json\/wp\/v2\/pages\/1671\/revisions\/2061"}],"up":[{"embeddable":true,"href":"http:\/\/as4m.eu\/da\/wp-json\/wp\/v2\/pages\/844"}],"wp:featuredmedia":[{"embeddable":true,"href":"http:\/\/as4m.eu\/da\/wp-json\/wp\/v2\/media\/1658"}],"wp:attachment":[{"href":"http:\/\/as4m.eu\/da\/wp-json\/wp\/v2\/media?parent=1671"}],"curies":[{"name":"wp","href":"https:\/\/api.w.org\/{rel}","templated":true}]}}