{"id":2208,"date":"2020-05-15T11:32:13","date_gmt":"2020-05-15T09:32:13","guid":{"rendered":"http:\/\/as4m.eu\/?page_id=2208"},"modified":"2020-06-08T11:22:35","modified_gmt":"2020-06-08T09:22:35","slug":"prislista","status":"publish","type":"page","link":"http:\/\/as4m.eu\/da\/om-activemotion\/info\/prislista\/","title":{"rendered":"Aktuel Prisliste Activemotion 2020"},"content":{"rendered":"<ul>\n<li>\n<h3>Specialist konsultation Ortop\u00e6disk Kirurgi:<\/h3>\n<\/li>\n<\/ul>\n<p style=\"text-align: right;\">Med henvisning fra Distrikts-\/ Husl\u00e6ge eller fysioterapeut: Patientavgift: (Frikort g\u00e6lder)\u00a0 300,- SEK<\/p>\n<p style=\"text-align: right;\">Specialist vurdering uden henvisning:\u00a0\u00a0 650,- SEK<\/p>\n<p style=\"text-align: right;\">Hvis dit bes\u00f8g leder til operation ved Activemotion betales for efterf\u00f8lgende bes\u00f8g \u00a0 300,- SEK<\/p>\n<ul>\n<li>\n<h3>Injektionsbehandling:<\/h3>\n<\/li>\n<\/ul>\n<p style=\"text-align: right;\">Pr Inj:\u00a0\u00a0 500,-SEK<\/p>\n<p style=\"text-align: right;\">hvis du medbringer inj substans fra apoteket.\u00a0 Pr Inj: 300,- SEK<\/p>\n<ul>\n<li>\n<h3>Ultraljuds unders\u00f8gelse:<\/h3>\n<\/li>\n<\/ul>\n<p style=\"text-align: right;\">Enkel diagnostisk UL unders\u00f8gelse:\u00a0\u00a0 600,- SEK<\/p>\n<p style=\"text-align: right;\">UL unders\u00f8gelse m Billeddokumentation:\u00a0\u00a0 900,- SEK<\/p>\n<ul>\n<li>\n<h3>R\u00f8ntgen och MR unders\u00f8gelse:<\/h3>\n<\/li>\n<\/ul>\n<p>Activemotion har ingen aftaler om benyttelse af Regionens Billeddiagnostiske afdelninger.<br \/>\nDerfor beder vi dig koordinere med vores sekret\u00e6r s\u00e5 vi kan fremskaffe allerede udf\u00f8rte unders\u00f8gelser &#8211; gerne inden dit bes\u00f8g.<br \/>\nVi kan henvise til privat R\u00f8ntgenklinik, hvor du kan f\u00e5 din unders\u00f8gelse udf\u00f8rt til listepris.<br \/>\nI Halland samarbejder vi med <a href=\"http:\/\/www.imrontgen.se\/\" target=\"_blank\" rel=\"noopener noreferrer\">IM R\u00f6ntgen, L\u00e5nggatan 32 i Halmstad<\/a><\/p>\n<p>I Sk\u00e5ne samarbejder vi med <a href=\"https:\/\/unilabs.se\/\" target=\"_blank\" rel=\"noopener noreferrer\">UNILABS, Stationstorget 2 i Malm\u00f6<\/a> (och Ellenb\u00e5gen)<\/p>\n<p>Ved vores samarbejdende hospitaler i Danmark kan MRT og RTG ogs\u00e5 udf\u00f8res. F\u00f6rs\u00e4kringskassan betaler i disse tilf\u00e6lde udgifterne til unders\u00f8gelsen. Transport udgifter m\u00e5 du altid selv bekoste.<\/p>\n","protected":false},"excerpt":{"rendered":"<p>Specialist konsultation Ortop\u00e6disk Kirurgi: Med henvisning fra Distrikts-\/ Husl\u00e6ge eller fysioterapeut: Patientavgift: (Frikort g\u00e6lder)\u00a0 300,- SEK Specialist vurdering uden henvisning:\u00a0\u00a0 650,- SEK Hvis dit bes\u00f8g leder til operation ved Activemotion betales for efterf\u00f8lgende bes\u00f8g \u00a0 300,- SEK Injektionsbehandling: Pr Inj:\u00a0\u00a0 500,-SEK hvis du medbringer inj substans fra apoteket.\u00a0 Pr Inj: 300,- SEK Ultraljuds unders\u00f8gelse: Enkel &hellip;<\/p>\n<p class=\"read-more\"> <a class=\"\" href=\"http:\/\/as4m.eu\/da\/om-activemotion\/info\/prislista\/\"> <span class=\"screen-reader-text\">Aktuel Prisliste Activemotion 2020<\/span> L\u00e6s mere &raquo;<\/a><\/p>\n","protected":false},"author":3,"featured_media":0,"parent":44,"menu_order":0,"comment_status":"closed","ping_status":"closed","template":"","meta":{"footnotes":""},"translation":{"provider":"WPGlobus","version":"2.12.2","language":"da","enabled_languages":["sv","da","en"],"languages":{"sv":{"title":true,"content":true,"excerpt":false},"da":{"title":true,"content":true,"excerpt":false},"en":{"title":false,"content":false,"excerpt":false}}},"wps_subtitle":"Activemotion priser 2020","_links":{"self":[{"href":"http:\/\/as4m.eu\/da\/wp-json\/wp\/v2\/pages\/2208"}],"collection":[{"href":"http:\/\/as4m.eu\/da\/wp-json\/wp\/v2\/pages"}],"about":[{"href":"http:\/\/as4m.eu\/da\/wp-json\/wp\/v2\/types\/page"}],"author":[{"embeddable":true,"href":"http:\/\/as4m.eu\/da\/wp-json\/wp\/v2\/users\/3"}],"replies":[{"embeddable":true,"href":"http:\/\/as4m.eu\/da\/wp-json\/wp\/v2\/comments?post=2208"}],"version-history":[{"count":20,"href":"http:\/\/as4m.eu\/da\/wp-json\/wp\/v2\/pages\/2208\/revisions"}],"predecessor-version":[{"id":2244,"href":"http:\/\/as4m.eu\/da\/wp-json\/wp\/v2\/pages\/2208\/revisions\/2244"}],"up":[{"embeddable":true,"href":"http:\/\/as4m.eu\/da\/wp-json\/wp\/v2\/pages\/44"}],"wp:attachment":[{"href":"http:\/\/as4m.eu\/da\/wp-json\/wp\/v2\/media?parent=2208"}],"curies":[{"name":"wp","href":"https:\/\/api.w.org\/{rel}","templated":true}]}}