{"id":1671,"date":"2019-03-28T13:19:22","date_gmt":"2019-03-28T12:19:22","guid":{"rendered":"http:\/\/as4m.eu\/?page_id=1671"},"modified":"2019-06-03T12:08:30","modified_gmt":"2019-06-03T10:08:30","slug":"privathospitalet-molholm-vejle","status":"publish","type":"page","link":"http:\/\/as4m.eu\/en\/kliniker\/privathospitalet-molholm-vejle\/","title":{"rendered":"Privathospitalet M\u00f8lholm, Vejle"},"content":{"rendered":"<p><\/p>\r\n<h4 class=\"wp-block-heading\">Privathospitalet M\u00f8lholms \u00f6verordnade kompass<\/h4>\r\n<p><\/p>\r\n<p><\/p>\r\n<h3 class=\"wp-block-heading\">Vision<\/h3>\r\n<p><\/p>\r\n<p><\/p>\r\n<p>Vi vill vare det b\u00e4sta privathospital i Nordeuropa m\u00e4tt p\u00e5 patient- och kund-n\u00f6jdhet.<\/p>\r\n<p><\/p>\r\n<p><\/p>\r\n<h3 class=\"wp-block-heading\">Mission<\/h3>\r\n<p><\/p>\r\n<p><\/p>\r\n<p>Vi \u00e4r det attraktiva privata behandlings alternativ, som ger snabb tillg\u00e5ng till ytterst kompetenta speciall\u00e4kare och specialister.<\/p>\r\n<p><\/p>\r\n<p><\/p>\r\n<p>Vi finns f\u00f6r patienterna, och d\u00e4rf\u00f6r \u00e4r patienten det naturliga centrum f\u00f6r allt, vi g\u00f6r. Genom t\u00e4t dialog och n\u00e4rhet till patienter och anh\u00f6riga, ger vi ett ansvarsfullt och tryggt behandlingsf\u00f6rlopp med en h\u00f6g kvalitetsupplevelse.<\/p>\r\n<p><\/p>\r\n<p><\/p>\r\n<h3 class=\"wp-block-heading\">V\u00e5ra 5 v\u00e4rdegrunder:<\/h3>\r\n<p><\/p>\r\n<p><\/p>\r\n<ol>\r\n<li>\u00a0Vi s\u00e6tter vores patienters sundhed som h\u00f8jeste prioritet, i alt hvad vi g\u00f8r<\/li>\r\n<li>\u00a0Vi tager det n\u00f8dvendige ansvar for patienten og p\u00e5r\u00f8rende \u2013 ogs\u00e5 p\u00e5 tv\u00e6rs af specialer<\/li>\r\n<li>\u00a0Vi har en h\u00f8j faglighed, som hele tiden skal udfordres og udvikles<\/li>\r\n<li>\u00a0Vi giver vores patienter en h\u00f8j individuel service, er venlige og im\u00f8dekommende<\/li>\r\n<li>\u00a0Vi er n\u00e6rv\u00e6rende og ordentlige, i det vi g\u00f8r, og i det vi siger overfor patienterne og overfor hinanden<\/li>\r\n<\/ol>\r\n<p><\/p>\r\n<p><\/p>\r\n<p><a href=\"https:\/\/www.molholm.dk\/\" target=\"_blank\" rel=\"noreferrer noopener\" aria-label=\" (\u00f6ppnas i en ny flik)\">https:\/\/www.molholm.dk\/<\/a><\/p>\r\n<p><\/p>\r\n<p><\/p>\r\n<p><a href=\"http:\/\/as4m.eu\/wp-content\/uploads\/MolholmHelbredsskemaWeb.pdf\" target=\"_blank\" rel=\"noreferrer noopener\" aria-label=\" (\u00f6ppnas i en ny flik)\">PatientupplysningsSchema <\/a><br \/>&#8211; f\u00f6r dig som skall opereras vid Privatsjukhuset M\u00f8lholm. Skickas till sikkerpost@molholm.dk<\/p>\r\n<p><\/p>\r\n<p><\/p>\r\n<p><a href=\"https:\/\/www.molholm.dk\/praktisk-information\/vaerd-at-vide\/\" target=\"_blank\" rel=\"noreferrer noopener\" aria-label=\" (\u00f6ppnas i en ny flik)\">Innan operationen<\/a><\/p>\r\n<p><\/p>\r\n<p><\/p>\r\n<p><a href=\"https:\/\/www.molholm.dk\/praktisk-information\/koerselsvejledning\/\" target=\"_blank\" rel=\"noreferrer noopener\" aria-label=\"Vejbeskrivning (\u00f6ppnas i en ny flik)\">V\u00e4gbeskrivning<\/a><\/p>\r\n<p><\/p>\r\n<p>&nbsp;<\/p>\r\n<p><iframe style=\"border: 0;\" src=\"https:\/\/www.google.com\/maps\/embed?pb=!1m18!1m12!1m3!1d2248.4414300895946!2d9.535481151771577!3d55.69869838044341!2m3!1f0!2f0!3f0!3m2!1i1024!2i768!4f13.1!3m3!1m2!1s0x464c82ff8a298045%3A0x50d1ba35d50bdbf!2sPrivathospitalet+M%C3%B8lholm!5e0!3m2!1sda!2sdk!4v1554926358439!5m2!1sda!2sdk\" width=\"850\" height=\"425\" frameborder=\"0\" allowfullscreen=\"allowfullscreen\"><\/iframe><\/p>","protected":false},"excerpt":{"rendered":"<p>Privathospitalet M\u00f8lholms \u00f6verordnade kompass Vision Vi vill vare det b\u00e4sta privathospital i Nordeuropa m\u00e4tt p\u00e5 patient- och kund-n\u00f6jdhet. Mission Vi \u00e4r det attraktiva privata behandlings alternativ, som ger snabb tillg\u00e5ng till ytterst kompetenta speciall\u00e4kare och specialister. Vi finns f\u00f6r patienterna, och d\u00e4rf\u00f6r \u00e4r patienten det naturliga centrum f\u00f6r allt, vi g\u00f6r. Genom t\u00e4t dialog och &hellip;<\/p>\n<p class=\"read-more\"> <a class=\"\" href=\"http:\/\/as4m.eu\/en\/kliniker\/privathospitalet-molholm-vejle\/\"> <span class=\"screen-reader-text\">Privathospitalet M\u00f8lholm, Vejle<\/span> Read More &raquo;<\/a><\/p>\n","protected":false},"author":1,"featured_media":1658,"parent":844,"menu_order":5,"comment_status":"closed","ping_status":"closed","template":"","meta":{"footnotes":""},"translation":{"provider":"WPGlobus","version":"2.12.2","language":"en","enabled_languages":["sv","da","en"],"languages":{"sv":{"title":true,"content":true,"excerpt":false},"da":{"title":true,"content":true,"excerpt":false},"en":{"title":false,"content":false,"excerpt":false}}},"wps_subtitle":"","_links":{"self":[{"href":"http:\/\/as4m.eu\/en\/wp-json\/wp\/v2\/pages\/1671"}],"collection":[{"href":"http:\/\/as4m.eu\/en\/wp-json\/wp\/v2\/pages"}],"about":[{"href":"http:\/\/as4m.eu\/en\/wp-json\/wp\/v2\/types\/page"}],"author":[{"embeddable":true,"href":"http:\/\/as4m.eu\/en\/wp-json\/wp\/v2\/users\/1"}],"replies":[{"embeddable":true,"href":"http:\/\/as4m.eu\/en\/wp-json\/wp\/v2\/comments?post=1671"}],"version-history":[{"count":24,"href":"http:\/\/as4m.eu\/en\/wp-json\/wp\/v2\/pages\/1671\/revisions"}],"predecessor-version":[{"id":2061,"href":"http:\/\/as4m.eu\/en\/wp-json\/wp\/v2\/pages\/1671\/revisions\/2061"}],"up":[{"embeddable":true,"href":"http:\/\/as4m.eu\/en\/wp-json\/wp\/v2\/pages\/844"}],"wp:featuredmedia":[{"embeddable":true,"href":"http:\/\/as4m.eu\/en\/wp-json\/wp\/v2\/media\/1658"}],"wp:attachment":[{"href":"http:\/\/as4m.eu\/en\/wp-json\/wp\/v2\/media?parent=1671"}],"curies":[{"name":"wp","href":"https:\/\/api.w.org\/{rel}","templated":true}]}}