{"id":2208,"date":"2020-05-15T11:32:13","date_gmt":"2020-05-15T09:32:13","guid":{"rendered":"http:\/\/as4m.eu\/?page_id=2208"},"modified":"2020-06-08T11:22:35","modified_gmt":"2020-06-08T09:22:35","slug":"prislista","status":"publish","type":"page","link":"http:\/\/as4m.eu\/en\/om-activemotion\/info\/prislista\/","title":{"rendered":"G\u00e4llande Prislista Activemotion 2020"},"content":{"rendered":"<ul>\n<li style=\"text-align: left;\">\n<h3>Specialist konsultation Ortopedisk Kirurgi:<\/h3>\n<\/li>\n<\/ul>\n<p style=\"text-align: right;\">Med remiss fr\u00e5n Distrikts-\/ Husl\u00e4kare eller sjukgymnast: Patientavgift: (Frikort g\u00e4ller)\u00a0 300,- SEK<\/p>\n<p style=\"text-align: right;\">Specialist bed\u00f6mning utan Remiss:\u00a0\u00a0 650,- SEK<\/p>\n<p style=\"text-align: right;\">Om ditt bes\u00f6k leder till operation vid Activemotion betalas f\u00f6r efterf\u00f6ljande bes\u00f6k \u00a0 300,- SEK<\/p>\n<ul>\n<li>\n<h3>Injektionsbehandling:<\/h3>\n<\/li>\n<\/ul>\n<p style=\"text-align: right;\">Pr Inj:\u00a0\u00a0 500,-SEK<\/p>\n<p style=\"text-align: right;\">om du h\u00e4mtat ut inj substans p\u00e5 apoteket med recept.\u00a0 Pr Inj: 200,- SEK<\/p>\n<ul>\n<li>\n<h3>Ultraljuds unders\u00f6kning<\/h3>\n<\/li>\n<\/ul>\n<p style=\"text-align: right;\">Enkel diagnostisk UL unders\u00f6kning:\u00a0\u00a0 600,- SEK<\/p>\n<p style=\"text-align: right;\">UL unders\u00f6kning m Bilddokumentation:\u00a0\u00a0 900,- SEK<\/p>\n<ul>\n<li>\n<h3>R\u00f6ntgen och MR unders\u00f6kning<\/h3>\n<\/li>\n<\/ul>\n<p>Activemotion har inget avtal om nyttjande av Regionens Bilddiagnostiska avdelningar.<br \/>\nD\u00e4rf\u00f6r ber vi dig koordinera med v\u00e5r sekreterare s\u00e5 vi kan skaffa fram redan utf\u00f6rda unders\u00f6kningar.<br \/>\nVi kan remittera till privat R\u00f6ntgenklinik d\u00e4r du kan f\u00e5 din unders\u00f6kning utf\u00f6rd till sj\u00e4lvkostnadspris.<\/p>\n<p>I Halland samarbetar vi med <a href=\"http:\/\/www.imrontgen.se\/\" target=\"_blank\" rel=\"noopener noreferrer\">IM R\u00f6ntgen, L\u00e5nggatan 32 i Halmstad<\/a><\/p>\n<p>I Sk\u00e5ne samarbetar vi med <a href=\"https:\/\/unilabs.se\/\" target=\"_blank\" rel=\"noopener noreferrer\">UNILABS, Stationstorget 2 i Malm\u00f6<\/a> (och Ellenb\u00e5gen)<\/p>\n<p>Vid v\u00e5ra samarbetande hospitaler i Danmark kan MRT och RTG ocks\u00e5 utf\u00f6ras. F\u00f6rs\u00e4kringskassan ers\u00e4tter i s\u00e5 fall kostnaderna.<\/p>\n","protected":false},"excerpt":{"rendered":"<p>Specialist konsultation Ortopedisk Kirurgi: Med remiss fr\u00e5n Distrikts-\/ Husl\u00e4kare eller sjukgymnast: Patientavgift: (Frikort g\u00e4ller)\u00a0 300,- SEK Specialist bed\u00f6mning utan Remiss:\u00a0\u00a0 650,- SEK Om ditt bes\u00f6k leder till operation vid Activemotion betalas f\u00f6r efterf\u00f6ljande bes\u00f6k \u00a0 300,- SEK Injektionsbehandling: Pr Inj:\u00a0\u00a0 500,-SEK om du h\u00e4mtat ut inj substans p\u00e5 apoteket med recept.\u00a0 Pr Inj: 200,- SEK &hellip;<\/p>\n<p class=\"read-more\"> <a class=\"\" href=\"http:\/\/as4m.eu\/en\/om-activemotion\/info\/prislista\/\"> <span class=\"screen-reader-text\">G\u00e4llande Prislista Activemotion 2020<\/span> Read More &raquo;<\/a><\/p>\n","protected":false},"author":3,"featured_media":0,"parent":44,"menu_order":0,"comment_status":"closed","ping_status":"closed","template":"","meta":{"footnotes":""},"translation":{"provider":"WPGlobus","version":"2.12.2","language":"en","enabled_languages":["sv","da","en"],"languages":{"sv":{"title":true,"content":true,"excerpt":false},"da":{"title":true,"content":true,"excerpt":false},"en":{"title":false,"content":false,"excerpt":false}}},"wps_subtitle":"Activemotion priser 2020","_links":{"self":[{"href":"http:\/\/as4m.eu\/en\/wp-json\/wp\/v2\/pages\/2208"}],"collection":[{"href":"http:\/\/as4m.eu\/en\/wp-json\/wp\/v2\/pages"}],"about":[{"href":"http:\/\/as4m.eu\/en\/wp-json\/wp\/v2\/types\/page"}],"author":[{"embeddable":true,"href":"http:\/\/as4m.eu\/en\/wp-json\/wp\/v2\/users\/3"}],"replies":[{"embeddable":true,"href":"http:\/\/as4m.eu\/en\/wp-json\/wp\/v2\/comments?post=2208"}],"version-history":[{"count":20,"href":"http:\/\/as4m.eu\/en\/wp-json\/wp\/v2\/pages\/2208\/revisions"}],"predecessor-version":[{"id":2244,"href":"http:\/\/as4m.eu\/en\/wp-json\/wp\/v2\/pages\/2208\/revisions\/2244"}],"up":[{"embeddable":true,"href":"http:\/\/as4m.eu\/en\/wp-json\/wp\/v2\/pages\/44"}],"wp:attachment":[{"href":"http:\/\/as4m.eu\/en\/wp-json\/wp\/v2\/media?parent=2208"}],"curies":[{"name":"wp","href":"https:\/\/api.w.org\/{rel}","templated":true}]}}