{"id":3175,"date":"2021-02-05T15:45:18","date_gmt":"2021-02-05T14:45:18","guid":{"rendered":"http:\/\/as4m.eu\/?page_id=3175"},"modified":"2021-02-26T11:04:12","modified_gmt":"2021-02-26T10:04:12","slug":"tudorkliniken-skummeslovsstrand-2","status":"publish","type":"page","link":"https:\/\/as4m.eu\/da\/kliniker\/tudorkliniken-skummeslovsstrand-2\/","title":{"rendered":"Tudorkliniken,, Skummesl\u00f6vsstrand"},"content":{"rendered":"\t\t<div data-elementor-type=\"wp-page\" data-elementor-id=\"3175\" class=\"elementor elementor-3175\">\n\t\t\t\t\t\t<section class=\"elementor-section elementor-top-section elementor-element elementor-element-5e62677 elementor-section-full_width elementor-section-stretched elementor-section-height-default elementor-section-height-default\" data-id=\"5e62677\" data-element_type=\"section\" data-settings=\"{&quot;stretch_section&quot;:&quot;section-stretched&quot;}\">\n\t\t\t\t\t\t<div class=\"elementor-container elementor-column-gap-default\">\n\t\t\t\t\t<div class=\"elementor-column elementor-col-50 elementor-top-column elementor-element elementor-element-ca17f2c\" data-id=\"ca17f2c\" data-element_type=\"column\">\n\t\t\t<div class=\"elementor-widget-wrap elementor-element-populated\">\n\t\t\t\t\t\t<div class=\"elementor-element elementor-element-c5761ed animated-slow elementor-invisible elementor-widget elementor-widget-text-editor\" data-id=\"c5761ed\" data-element_type=\"widget\" data-settings=\"{&quot;_animation&quot;:&quot;slideInLeft&quot;}\" data-widget_type=\"text-editor.default\">\n\t\t\t\t<div class=\"elementor-widget-container\">\n\t\t\t\t\t\t\t<h3>\u00a0<\/h3><h2>\u00a0<\/h2><h2 class=\"page-header\"><strong><span style=\"color: #ff9900;\">Tudorkliniken, Skummesl\u00f6vsstrand<\/span><\/strong><\/h2><h4><span style=\"color: #ffffff;\">Ortoped S\u00f6dra Halland<\/span><\/h4><h5><span style=\"color: #ffffff;\">St.Strandv\u00e4gen 2,<\/span>\u00a0<\/h5><h5><span style=\"color: #ffffff;\">312 72 Skummesl\u00f6vsStrand.<\/span><\/h5>\t\t\t\t\t\t<\/div>\n\t\t\t\t<\/div>\n\t\t\t\t\t<\/div>\n\t\t<\/div>\n\t\t\t\t<div class=\"elementor-column elementor-col-50 elementor-top-column elementor-element elementor-element-f0a98c3\" data-id=\"f0a98c3\" data-element_type=\"column\">\n\t\t\t<div class=\"elementor-widget-wrap elementor-element-populated\">\n\t\t\t\t\t\t<div class=\"elementor-element elementor-element-33a6c06 animated-slow elementor-invisible elementor-widget elementor-widget-image\" data-id=\"33a6c06\" data-element_type=\"widget\" data-settings=\"{&quot;_animation&quot;:&quot;slideInRight&quot;}\" data-widget_type=\"image.default\">\n\t\t\t\t<div class=\"elementor-widget-container\">\n\t\t\t\t\t\t\t\t\t\t\t\t\t\t<a href=\"https:\/\/activemotion.simplybook.it\/v2\/#book\/location\/8\/\">\n\t\t\t\t\t\t\t<img fetchpriority=\"high\" decoding=\"async\" width=\"1024\" height=\"683\" src=\"https:\/\/as4m.eu\/wp-content\/uploads\/TudorSkum3-2048x1366-1-1024x683.jpg\" class=\"elementor-animation-grow attachment-large size-large wp-image-3465\" alt=\"\" srcset=\"https:\/\/as4m.eu\/wp-content\/uploads\/TudorSkum3-2048x1366-1-1024x683.jpg 1024w, https:\/\/as4m.eu\/wp-content\/uploads\/TudorSkum3-2048x1366-1-300x200.jpg 300w, https:\/\/as4m.eu\/wp-content\/uploads\/TudorSkum3-2048x1366-1-768x512.jpg 768w, https:\/\/as4m.eu\/wp-content\/uploads\/TudorSkum3-2048x1366-1-1536x1025.jpg 1536w, https:\/\/as4m.eu\/wp-content\/uploads\/TudorSkum3-2048x1366-1.jpg 2048w\" sizes=\"(max-width: 1024px) 100vw, 1024px\" \/>\t\t\t\t\t\t\t\t<\/a>\n\t\t\t\t\t\t\t\t\t\t\t\t\t<\/div>\n\t\t\t\t<\/div>\n\t\t\t\t\t<\/div>\n\t\t<\/div>\n\t\t\t\t\t<\/div>\n\t\t<\/section>\n\t\t\t\t<section class=\"elementor-section elementor-top-section elementor-element elementor-element-072f3f3 elementor-section-full_width elementor-section-stretched elementor-section-height-default elementor-section-height-default\" data-id=\"072f3f3\" data-element_type=\"section\" data-settings=\"{&quot;stretch_section&quot;:&quot;section-stretched&quot;}\">\n\t\t\t\t\t\t<div class=\"elementor-container elementor-column-gap-default\">\n\t\t\t\t\t<div class=\"elementor-column elementor-col-50 elementor-top-column elementor-element elementor-element-7ee6407\" data-id=\"7ee6407\" data-element_type=\"column\">\n\t\t\t<div class=\"elementor-widget-wrap elementor-element-populated\">\n\t\t\t\t\t\t<div class=\"elementor-element elementor-element-13461ed elementor-widget elementor-widget-eael-fancy-text\" data-id=\"13461ed\" data-element_type=\"widget\" data-widget_type=\"eael-fancy-text.default\">\n\t\t\t\t<div class=\"elementor-widget-container\">\n\t\t\t\n\t<div  class=\"eael-fancy-text-container style-1\" data-fancy-text-id=\"13461ed\" data-fancy-text=\"|\u260f +46 770 79 18 16:\" data-fancy-text-transition-type=\"typing\" data-fancy-text-speed=\"100\" data-fancy-text-delay=\"2500\" data-fancy-text-cursor=\"yes\" data-fancy-text-loop=\"\" >\n\t\t\n\t\t\n\t\t\t\t\t<span id=\"eael-fancy-text-13461ed\" class=\"eael-fancy-text-strings solid-color\">\n\t\t\t\t<noscript>\n\t\t\t\t\t\u260f +46 770 79 18 16:\t\t\t\t<\/noscript>\n\t\t\t<\/span>\n\t\t\n\t\t\t<\/div><!-- close .eael-fancy-text-container -->\n\n\t<div class=\"clearfix\"><\/div>\n\n\t\t\t<\/div>\n\t\t\t\t<\/div>\n\t\t\t\t\t<\/div>\n\t\t<\/div>\n\t\t\t\t<div class=\"elementor-column elementor-col-50 elementor-top-column elementor-element elementor-element-403ca90\" data-id=\"403ca90\" data-element_type=\"column\">\n\t\t\t<div class=\"elementor-widget-wrap\">\n\t\t\t\t\t\t\t<\/div>\n\t\t<\/div>\n\t\t\t\t\t<\/div>\n\t\t<\/section>\n\t\t\t\t<section class=\"elementor-section elementor-top-section elementor-element elementor-element-5496734e animated-slow elementor-section-boxed elementor-section-height-default elementor-section-height-default\" data-id=\"5496734e\" data-element_type=\"section\" data-settings=\"{&quot;animation&quot;:&quot;none&quot;}\">\n\t\t\t\t\t\t<div class=\"elementor-container elementor-column-gap-default\">\n\t\t\t\t\t<div class=\"elementor-column elementor-col-50 elementor-top-column elementor-element elementor-element-47a41ac\" data-id=\"47a41ac\" data-element_type=\"column\">\n\t\t\t<div class=\"elementor-widget-wrap elementor-element-populated\">\n\t\t\t\t\t\t<div class=\"elementor-element elementor-element-e78241d elementor-widget elementor-widget-elementskit-button\" data-id=\"e78241d\" data-element_type=\"widget\" data-widget_type=\"elementskit-button.default\">\n\t\t\t\t<div class=\"elementor-widget-container\">\n\t\t\t<div class=\"ekit-wid-con\" >\t\t<div class=\"ekit-btn-wraper\">\n\t\t\t\t\t\t\t<a href=\"https:\/\/activemotion.simplybook.it\/v2\/#book\/location\/8\/\" class=\"elementskit-btn  whitespace--normal\" id=\"\">\n\t\t\t\t\tBooka Tid<i aria-hidden=\"true\" class=\"fas fa-angle-down\"><\/i>\t\t\t\t<\/a>\n\t\t\t\t\t<\/div>\n        <\/div>\t\t<\/div>\n\t\t\t\t<\/div>\n\t\t\t\t<div class=\"elementor-element elementor-element-eb7254b animated-slow elementor-invisible elementor-widget elementor-widget-text-editor\" data-id=\"eb7254b\" data-element_type=\"widget\" data-settings=\"{&quot;_animation&quot;:&quot;slideInUp&quot;}\" data-widget_type=\"text-editor.default\">\n\t\t\t\t<div class=\"elementor-widget-container\">\n\t\t\t\t\t\t\t<p><iframe src=\"https:\/\/www.google.com\/maps\/embed?pb=!1m18!1m12!1m3!1d2204.4017109316073!2d12.917064416133492!3d56.460840244627796!2m3!1f0!2f0!3f0!3m2!1i1024!2i768!4f13.1!3m3!1m2!1s0x46519ce55cda1fd9%3A0x7c744e8e0fe666!2sActivemotion+Ortopedisk+Kirurgi!5e0!3m2!1sen!2sse!4v1508687726312\" width=\"850\" height=\"425\" frameborder=\"0\" allowfullscreen=\"allowfullscreen\" data-mce-fragment=\"1\"><\/iframe><\/p>\t\t\t\t\t\t<\/div>\n\t\t\t\t<\/div>\n\t\t\t\t\t<\/div>\n\t\t<\/div>\n\t\t\t\t<div class=\"elementor-column elementor-col-50 elementor-top-column elementor-element elementor-element-cd57cdd\" data-id=\"cd57cdd\" data-element_type=\"column\">\n\t\t\t<div class=\"elementor-widget-wrap elementor-element-populated\">\n\t\t\t\t\t\t<div class=\"elementor-element elementor-element-3a1fcf8 animated-slow elementor-invisible elementor-widget elementor-widget-sidebar\" data-id=\"3a1fcf8\" data-element_type=\"widget\" data-settings=\"{&quot;_animation&quot;:&quot;slideInRight&quot;}\" data-widget_type=\"sidebar.default\">\n\t\t\t\t<div class=\"elementor-widget-container\">\n\t\t\t<aside id=\"text-7\" class=\"widget widget_text\"><h2 class=\"widget-title\">Kontakt<\/h2>\t\t\t<div class=\"textwidget\">\n<div class=\"wpcf7 no-js\" id=\"wpcf7-f58-o1\" lang=\"da-DK\" dir=\"ltr\">\n<div class=\"screen-reader-response\"><p role=\"status\" aria-live=\"polite\" aria-atomic=\"true\"><\/p> <ul><\/ul><\/div>\n<form action=\"\/da\/wp-json\/wp\/v2\/pages\/3175#wpcf7-f58-o1\" method=\"post\" class=\"wpcf7-form init demo\" aria-label=\"Kontaktformular\" novalidate=\"novalidate\" data-status=\"init\">\n<div style=\"display: none;\">\n<input type=\"hidden\" name=\"_wpcf7\" value=\"58\" \/>\n<input type=\"hidden\" name=\"_wpcf7_version\" value=\"5.9.3\" \/>\n<input type=\"hidden\" name=\"_wpcf7_locale\" value=\"da_DK\" \/>\n<input type=\"hidden\" name=\"_wpcf7_unit_tag\" value=\"wpcf7-f58-o1\" \/>\n<input type=\"hidden\" name=\"_wpcf7_container_post\" value=\"0\" \/>\n<input type=\"hidden\" name=\"_wpcf7_posted_data_hash\" value=\"\" \/>\n<\/div>\n<div class=\"form-group your-name\"><input class=\"wpcf7-form-control wpcf7-text wpcf7-validates-as-required form-control\" name=\"your-name\" type=\"text\" value=\"\" placeholder=\"Dit navn\" aria-invalid=\"false\" aria-required=\"true\" required><\/div>\n<div class=\"form-group your-email\"><input class=\"wpcf7-form-control wpcf7-email wpcf7-validates-as-required wpcf7-text wpcf7-validates-as-email form-control\" name=\"your-email\" type=\"email\" value=\"\" placeholder=\"Din Email\" aria-invalid=\"false\" aria-required=\"true\" required><\/div>\n<div class=\"form-group your-subject\"><input class=\"wpcf7-form-control wpcf7-text form-control\" name=\"your-subject\" type=\"text\" value=\"\" placeholder=\"Emne\" aria-invalid=\"false\"><\/div>\n<div class=\"form-group your-message\"><textarea class=\"wpcf7-form-control wpcf7-textarea form-control\" name=\"your-message\" rows=\"4\" placeholder=\"Din besked\" aria-invalid=\"false\"><\/textarea><\/div>\n<div class=\"form-group\"><div><input class=\"wpcf7-form-control wpcf7-submit btn btn-primary\" type=\"submit\" value=\"Send\"><\/div><\/div><p style=\"display: none !important;\" class=\"akismet-fields-container\" data-prefix=\"_wpcf7_ak_\"><label>&#916;<textarea name=\"_wpcf7_ak_hp_textarea\" cols=\"45\" rows=\"8\" maxlength=\"100\"><\/textarea><\/label><input type=\"hidden\" id=\"ak_js_1\" name=\"_wpcf7_ak_js\" value=\"57\"\/><script>document.getElementById( \"ak_js_1\" ).setAttribute( \"value\", ( new Date() ).getTime() );<\/script><\/p><div class=\"wpcf7-response-output alert alert-warning\"><\/div>\n<\/form>\n<\/div>\n<\/div>\n\t\t<\/aside>\t\t<\/div>\n\t\t\t\t<\/div>\n\t\t\t\t\t<\/div>\n\t\t<\/div>\n\t\t\t\t\t<\/div>\n\t\t<\/section>\n\t\t\t\t<\/div>\n\t\t","protected":false},"excerpt":{"rendered":"<p>\u00a0 \u00a0 Tudorkliniken, Skummesl\u00f6vsstrand Ortoped S\u00f6dra Halland St.Strandv\u00e4gen 2,\u00a0 312 72 Skummesl\u00f6vsStrand. \u260f +46 770 79 18 16: Booka Tid<\/p>\n","protected":false},"author":9,"featured_media":901,"parent":844,"menu_order":2,"comment_status":"closed","ping_status":"closed","template":"","meta":{"footnotes":""},"translation":{"provider":"WPGlobus","version":"2.12.2","language":"da","enabled_languages":["sv","da","en"],"languages":{"sv":{"title":true,"content":true,"excerpt":false},"da":{"title":false,"content":false,"excerpt":false},"en":{"title":false,"content":false,"excerpt":false}}},"wps_subtitle":"Ortoped S\u00f6dra Halland","_links":{"self":[{"href":"https:\/\/as4m.eu\/da\/wp-json\/wp\/v2\/pages\/3175"}],"collection":[{"href":"https:\/\/as4m.eu\/da\/wp-json\/wp\/v2\/pages"}],"about":[{"href":"https:\/\/as4m.eu\/da\/wp-json\/wp\/v2\/types\/page"}],"author":[{"embeddable":true,"href":"https:\/\/as4m.eu\/da\/wp-json\/wp\/v2\/users\/9"}],"replies":[{"embeddable":true,"href":"https:\/\/as4m.eu\/da\/wp-json\/wp\/v2\/comments?post=3175"}],"version-history":[{"count":220,"href":"https:\/\/as4m.eu\/da\/wp-json\/wp\/v2\/pages\/3175\/revisions"}],"predecessor-version":[{"id":4343,"href":"https:\/\/as4m.eu\/da\/wp-json\/wp\/v2\/pages\/3175\/revisions\/4343"}],"up":[{"embeddable":true,"href":"https:\/\/as4m.eu\/da\/wp-json\/wp\/v2\/pages\/844"}],"wp:featuredmedia":[{"embeddable":true,"href":"https:\/\/as4m.eu\/da\/wp-json\/wp\/v2\/media\/901"}],"wp:attachment":[{"href":"https:\/\/as4m.eu\/da\/wp-json\/wp\/v2\/media?parent=3175"}],"curies":[{"name":"wp","href":"https:\/\/api.w.org\/{rel}","templated":true}]}}