{"id":32,"date":"2017-02-02T16:55:57","date_gmt":"2017-02-02T15:55:57","guid":{"rendered":"http:\/\/www.activemotion.dk\/?page_id=32"},"modified":"2021-02-25T14:15:08","modified_gmt":"2021-02-25T13:15:08","slug":"om-activemotion","status":"publish","type":"page","link":"https:\/\/as4m.eu\/da\/om-activemotion\/","title":{"rendered":"Om Activemotion Ortopedisk Kirurgi"},"content":{"rendered":"\t\t<div data-elementor-type=\"wp-page\" data-elementor-id=\"32\" class=\"elementor elementor-32\">\n\t\t\t\t\t\t<section class=\"elementor-section elementor-top-section elementor-element elementor-element-66d19614 elementor-section-boxed elementor-section-height-default elementor-section-height-default\" data-id=\"66d19614\" data-element_type=\"section\">\n\t\t\t\t\t\t<div class=\"elementor-container elementor-column-gap-default\">\n\t\t\t\t\t<div class=\"elementor-column elementor-col-100 elementor-top-column elementor-element elementor-element-44a8bb12\" data-id=\"44a8bb12\" data-element_type=\"column\">\n\t\t\t<div class=\"elementor-widget-wrap elementor-element-populated\">\n\t\t\t\t\t\t<section class=\"elementor-section elementor-inner-section elementor-element elementor-element-2c88d7d3 elementor-section-boxed elementor-section-height-default elementor-section-height-default\" data-id=\"2c88d7d3\" data-element_type=\"section\">\n\t\t\t\t\t\t<div class=\"elementor-container elementor-column-gap-default\">\n\t\t\t\t\t<div class=\"elementor-column elementor-col-50 elementor-inner-column elementor-element elementor-element-74a5baef animated-slow elementor-invisible\" data-id=\"74a5baef\" data-element_type=\"column\" data-settings=\"{&quot;animation&quot;:&quot;fadeInLeft&quot;,&quot;animation_delay&quot;:200}\">\n\t\t\t<div class=\"elementor-widget-wrap elementor-element-populated\">\n\t\t\t\t\t\t<div class=\"elementor-element elementor-element-a7b18ea elementor-widget elementor-widget-spacer\" data-id=\"a7b18ea\" data-element_type=\"widget\" data-widget_type=\"spacer.default\">\n\t\t\t\t<div class=\"elementor-widget-container\">\n\t\t\t\t\t<div class=\"elementor-spacer\">\n\t\t\t<div class=\"elementor-spacer-inner\"><\/div>\n\t\t<\/div>\n\t\t\t\t<\/div>\n\t\t\t\t<\/div>\n\t\t\t\t\t<\/div>\n\t\t<\/div>\n\t\t\t\t<div class=\"elementor-column elementor-col-50 elementor-inner-column elementor-element elementor-element-22064322 animated-slow elementor-invisible\" data-id=\"22064322\" data-element_type=\"column\" data-settings=\"{&quot;background_background&quot;:&quot;classic&quot;,&quot;animation&quot;:&quot;fadeInRight&quot;,&quot;animation_delay&quot;:200}\">\n\t\t\t<div class=\"elementor-widget-wrap elementor-element-populated\">\n\t\t\t\t\t<div class=\"elementor-background-overlay\"><\/div>\n\t\t\t\t\t\t<div class=\"elementor-element elementor-element-5c875d89 elementor-widget elementor-widget-text-editor\" data-id=\"5c875d89\" data-element_type=\"widget\" data-widget_type=\"text-editor.default\">\n\t\t\t\t<div class=\"elementor-widget-container\">\n\t\t\t\t\t\t\t<h2><span style=\"color: #ff9900;\"><strong><span style=\"vertical-align: inherit;\"><span style=\"vertical-align: inherit;\">Activemotion was founded, and is run, by Ole Steen J\u00f8rgensen, MD and Orthopedic Surgeon.<\/span><\/span><\/strong><\/span><\/h2><p><span style=\"vertical-align: inherit; color: #ffffff;\"><span style=\"vertical-align: inherit;\"><span style=\"vertical-align: inherit;\">Ole Steen J\u00f8rgensen received his medical degree (Doctor of Medicine) from University of Copenhagen in 1989 and went on to do residency and specialist training in several different hospitals in the Copenhagen area.<\/span><\/span><\/span><\/p><p><span style=\"font-weight: 400; color: #ffffff;\">In addition to his business in Sweden, Ole Steen J\u00f8rgensen has worked in England, primarily performing prosthetic surgery on the shoulders, hips and knees. In 2014, Activemotion Orthopedic Surgery in Sweden was established and through which more than 600 Swedish patients have been operated in Denmark since then.<\/span><\/p>\t\t\t\t\t\t<\/div>\n\t\t\t\t<\/div>\n\t\t\t\t\t<\/div>\n\t\t<\/div>\n\t\t\t\t\t<\/div>\n\t\t<\/section>\n\t\t\t\t\t<\/div>\n\t\t<\/div>\n\t\t\t\t\t<\/div>\n\t\t<\/section>\n\t\t\t\t<section class=\"elementor-section elementor-top-section elementor-element elementor-element-20894477 elementor-section-boxed elementor-section-height-default elementor-section-height-default\" data-id=\"20894477\" data-element_type=\"section\">\n\t\t\t\t\t\t<div class=\"elementor-container elementor-column-gap-default\">\n\t\t\t\t\t<div class=\"elementor-column elementor-col-100 elementor-top-column elementor-element elementor-element-2b05635c\" data-id=\"2b05635c\" data-element_type=\"column\">\n\t\t\t<div class=\"elementor-widget-wrap elementor-element-populated\">\n\t\t\t\t\t\t<div class=\"elementor-element elementor-element-376c1c3e elementor-widget elementor-widget-text-editor\" data-id=\"376c1c3e\" data-element_type=\"widget\" data-widget_type=\"text-editor.default\">\n\t\t\t\t<div class=\"elementor-widget-container\">\n\t\t\t\t\t\t\t<p><span style=\"color: #ffffff;\"><span style=\"font-weight: 400;\">After four years at \u00d6rebro University Hospital in Sweden, where he took part in the developing of <\/span><span style=\"font-weight: 400;\">(endoscopic)<\/span><span style=\"font-weight: 400;\"> arthroscopic surgical techniques, dr J\u00f8rgensen became an orthopedic specialist in 1995. The following year, he also became specialized in general surgery. Ever since then, he has acquired a broad knowledge base and experience in orthopedic surgery at county hospitals in Sweden of one of which he was head of the upper extremities and arthroscopic surgery section \u2013 at Halland\u2019s county hospital in Halmstad.\u00a0<\/span><\/span><\/p><p><span style=\"color: #ffffff;\"><span style=\"font-weight: 400;\">\u00a0<\/span><span style=\"font-weight: 400;\">Orthopedic consultant at Spenshult private hospital between 2010 and 2014, where dr J\u00f8rgensen performed 400-600 prosthetic surgery on the shoulders, hips and knees as well as arthroscopic surgical procedures on the knees, shoulders, ankles and elbows annually. Hence, he has substantial experience of, for example, ACL reconstructions, advanced ligament reconstruction of the knee joints as well as shoulder tendon injury repairs and shoulder joint instability.<\/span><\/span><\/p><h3>\u00a0<\/h3><h3><span style=\"color: #ffffff;\">Ortoped i Halmstad, Tudorklinikens Specialist mottagning, Brogatan 6,\u00a0 302 42 Halmstad, Sverige Tel: +46 35 22 7<strong>5 23:<\/strong><\/span><\/h3><p><iframe style=\"border: 0px currentColor;\" src=\"https:\/\/www.google.com\/maps\/embed?pb=!1m18!1m12!1m3!1d2191.9856562807736!2d12.855828716139426!3d56.6744926279953!2m3!1f0!2f0!3f0!3m2!1i1024!2i768!4f13.1!3m3!1m2!1s0x4651a33b4f8c2aa9%3A0x1a9e274099922e92!2sActivemotion+Ortopedisk+Kirurgi!5e0!3m2!1sen!2sse!4v1508686852053\" width=\"850\" height=\"425\" frameborder=\"0\" allowfullscreen=\"allowfullscreen\"><\/iframe><\/p><hr \/><p><span style=\"color: #ffffff;\"><a class=\"anchor-space\" style=\"color: #ffffff;\" name=\"klinik_2\"><\/a><\/span><\/p><h4><span style=\"color: #ffffff;\"><strong>Ortoped S\u00f6dra Halland, Tudorklinikens Alm\u00e4n-mottagning, St.Strandv\u00e4gen 2, 312 72 Skummesl\u00f6vsStrand, Tel: +46 35 22 75 23:<\/strong><\/span><\/h4><p><iframe style=\"border: 0px currentColor;\" src=\"https:\/\/www.google.com\/maps\/embed?pb=!1m18!1m12!1m3!1d2204.4017109316073!2d12.917064416133492!3d56.460840244627796!2m3!1f0!2f0!3f0!3m2!1i1024!2i768!4f13.1!3m3!1m2!1s0x46519ce55cda1fd9%3A0x7c744e8e0fe666!2sActivemotion+Ortopedisk+Kirurgi!5e0!3m2!1sen!2sse!4v1508687726312\" width=\"850\" height=\"425\" frameborder=\"0\" allowfullscreen=\"allowfullscreen\"><\/iframe><\/p><hr \/><p><span style=\"color: #ffffff;\"><a class=\"anchor-space\" style=\"color: #ffffff;\" name=\"klinik_3\"><\/a><\/span><\/p><h4><span style=\"color: #ffffff;\"><strong>Ortoped Halland, Tudorklinikens Alm\u00e4n-mottagning, Axel Olsonsgatan 4B, 4. v\u00e5ningen,<\/strong> 302 27 Halmstad, Sverige Tel: +46 35 22 75 23:<\/span><\/h4><p><iframe style=\"border: 0px currentColor;\" src=\"https:\/\/www.google.com\/maps\/embed?pb=!1m18!1m12!1m3!1d2191.9777342490133!2d12.860886516453746!3d56.67462878081006!2m3!1f0!2f0!3f0!3m2!1i1024!2i768!4f13.1!3m3!1m2!1s0x4651a33cc2e2dbbb%3A0x1c13c101d1158db3!2sTudorkliniken!5e0!3m2!1sda!2sdk!4v1463811687945\" width=\"850\" height=\"425\" frameborder=\"0\" allowfullscreen=\"allowfullscreen\"><\/iframe><\/p><hr \/><p><span style=\"color: #ffffff;\"><a class=\"anchor-space\" style=\"color: #ffffff;\" name=\"klinik_4\"><\/a><\/span><\/p><h4><span style=\"color: #ffffff;\"><strong>Activemotion samarbetar med IM-R\u00f6ntgen, L\u00e5nggatan 32, 302 49 Halmstad, Sweden Tel: +46 35 13 44 40<\/strong><\/span><\/h4><p><iframe style=\"border: 0px currentColor;\" src=\"https:\/\/www.google.com\/maps\/embed?pb=!1m18!1m12!1m3!1d2192.4277221148695!2d12.87786021645355!3d56.66689468080776!2m3!1f0!2f0!3f0!3m2!1i1024!2i768!4f13.1!3m3!1m2!1s0x4651a31b5d05746b%3A0x9c8f421a26a8fb34!2sIM+R%C3%B6ntgendiagnostik+i+Halmstad+AB!5e0!3m2!1sda!2sdk!4v1463812124802\" width=\"850\" height=\"425\" frameborder=\"0\" allowfullscreen=\"allowfullscreen\"><\/iframe><\/p><hr \/><p><span style=\"color: #ffffff;\"><a class=\"anchor-space\" style=\"color: #ffffff;\" name=\"klinik_5\"><\/a><\/span><\/p><h4><span style=\"color: #ffffff;\"><strong>Activemotion Ortopedisk Kirurgi, Svanem\u00f8llevej 77, 2900 Hellerup, Denmark Tel +46 32 18 66 60:<\/strong><\/span><\/h4><p><iframe style=\"border: 0px currentColor;\" src=\"https:\/\/www.google.com\/maps\/embed?pb=!1m14!1m8!1m3!1d35947.10754637007!2d12.573783999999998!3d55.72906599999999!3m2!1i1024!2i768!4f13.1!3m3!1m2!1s0x4652527d02d93c25%3A0x33214a938fd7b74a!2sACTIVEMOTION+Ortop%C3%A6disk+Kirurgi!5e0!3m2!1ssv!2sse!4v1415536335916\" width=\"850\" height=\"425\" frameborder=\"0\"><\/iframe><\/p><hr \/><p><span style=\"color: #ffffff;\"><a class=\"anchor-space\" style=\"color: #ffffff;\" name=\"klinik_6\"><\/a><\/span><\/p><h4><span style=\"color: #ffffff;\"><strong>Ortoped i Malm\u00f6, Curarklinikens Specialist mottagning, Erikslustv\u00e4gen 22, 217 73 Malm\u00f6, Tel: +46 770 79 18 16:<\/strong><\/span><\/h4><p><iframe style=\"border: 0;\" src=\"https:\/\/www.google.com\/maps\/embed?pb=!1m18!1m12!1m3!1d2681.0655282264615!2d12.963540424186311!3d55.5933392756774!2m3!1f0!2f0!3f0!3m2!1i1024!2i768!4f13.1!3m3!1m2!1s0x4653a6baaae4a7c3%3A0x8fd1a8ebd0591eed!2sCurakliniken%20AB!5e0!3m2!1sda!2sdk!4v1573486152427!5m2!1sda!2sdk\" width=\"850\" height=\"425\" frameborder=\"0\" allowfullscreen=\"allowfullscreen\"><\/iframe><\/p>\t\t\t\t\t\t<\/div>\n\t\t\t\t<\/div>\n\t\t\t\t\t<\/div>\n\t\t<\/div>\n\t\t\t\t\t<\/div>\n\t\t<\/section>\n\t\t\t\t<\/div>\n\t\t","protected":false},"excerpt":{"rendered":"<p>Activemotion was founded, and is run, by Ole Steen J\u00f8rgensen, MD and Orthopedic Surgeon. Ole Steen J\u00f8rgensen received his medical degree (Doctor of Medicine) from University of Copenhagen in 1989 and went on to do residency and specialist training in several different hospitals in the Copenhagen area. In addition to his business in Sweden, Ole &hellip;<\/p>\n<p class=\"read-more\"> <a class=\"\" href=\"https:\/\/as4m.eu\/da\/om-activemotion\/\"> <span class=\"screen-reader-text\">Om Activemotion Ortopedisk Kirurgi<\/span> L\u00e6s mere &raquo;<\/a><\/p>\n","protected":false},"author":1,"featured_media":0,"parent":0,"menu_order":3,"comment_status":"closed","ping_status":"closed","template":"","meta":{"footnotes":""},"translation":{"provider":"WPGlobus","version":"2.12.2","language":"da","enabled_languages":["sv","da","en"],"languages":{"sv":{"title":true,"content":true,"excerpt":false},"da":{"title":true,"content":false,"excerpt":false},"en":{"title":true,"content":false,"excerpt":false}}},"wps_subtitle":"","_links":{"self":[{"href":"https:\/\/as4m.eu\/da\/wp-json\/wp\/v2\/pages\/32"}],"collection":[{"href":"https:\/\/as4m.eu\/da\/wp-json\/wp\/v2\/pages"}],"about":[{"href":"https:\/\/as4m.eu\/da\/wp-json\/wp\/v2\/types\/page"}],"author":[{"embeddable":true,"href":"https:\/\/as4m.eu\/da\/wp-json\/wp\/v2\/users\/1"}],"replies":[{"embeddable":true,"href":"https:\/\/as4m.eu\/da\/wp-json\/wp\/v2\/comments?post=32"}],"version-history":[{"count":85,"href":"https:\/\/as4m.eu\/da\/wp-json\/wp\/v2\/pages\/32\/revisions"}],"predecessor-version":[{"id":4240,"href":"https:\/\/as4m.eu\/da\/wp-json\/wp\/v2\/pages\/32\/revisions\/4240"}],"wp:attachment":[{"href":"https:\/\/as4m.eu\/da\/wp-json\/wp\/v2\/media?parent=32"}],"curies":[{"name":"wp","href":"https:\/\/api.w.org\/{rel}","templated":true}]}}