{"id":844,"date":"2017-11-02T20:02:54","date_gmt":"2017-11-02T19:02:54","guid":{"rendered":"http:\/\/www.activemotion.dk\/?page_id=844"},"modified":"2019-12-10T10:41:13","modified_gmt":"2019-12-10T09:41:13","slug":"kliniker","status":"publish","type":"page","link":"https:\/\/as4m.eu\/en\/kliniker\/","title":{"rendered":"Kliniker"},"content":{"rendered":"<p>For\u00e6ldreside til klinikkerne:<\/p>\n<p><a href=\"http:\/\/as4m.eu\/kliniker\/tudorkliniken-halmstad\/\">Tudorkliniken, Halmstad<\/a><\/p>\n<p><a href=\"http:\/\/as4m.eu\/kliniker\/curakliniken\/\">Curakliniken i Malm\u00f6<\/a><\/p>\n<p><a href=\"http:\/\/as4m.eu\/kliniker\/tudorkliniken-halmstad\/\">Tudorkliniken, Skummesl\u00f6vsstrand<\/a><\/p>\n<p><a href=\"http:\/\/as4m.eu\/kliniker\/activemotion-privathospital\/\">Activemotion PrivatHospital<\/a><\/p>\n<p><a href=\"http:\/\/as4m.eu\/kliniker\/privathospitalet-molholm-vejle\/\">M\u00f8lholm Privatsygehus, Vejle<\/a><\/p>\n","protected":false},"excerpt":{"rendered":"<p>For\u00e6ldreside til klinikkerne: Tudorkliniken, Halmstad Curakliniken i Malm\u00f6 Tudorkliniken, Skummesl\u00f6vsstrand Activemotion PrivatHospital M\u00f8lholm Privatsygehus, Vejle<\/p>\n","protected":false},"author":1,"featured_media":0,"parent":0,"menu_order":2,"comment_status":"closed","ping_status":"closed","template":"","meta":{"footnotes":""},"translation":{"provider":"WPGlobus","version":"2.12.2","language":"en","enabled_languages":["sv","da","en"],"languages":{"sv":{"title":true,"content":true,"excerpt":false},"da":{"title":true,"content":true,"excerpt":false},"en":{"title":false,"content":false,"excerpt":false}}},"wps_subtitle":"","_links":{"self":[{"href":"https:\/\/as4m.eu\/en\/wp-json\/wp\/v2\/pages\/844"}],"collection":[{"href":"https:\/\/as4m.eu\/en\/wp-json\/wp\/v2\/pages"}],"about":[{"href":"https:\/\/as4m.eu\/en\/wp-json\/wp\/v2\/types\/page"}],"author":[{"embeddable":true,"href":"https:\/\/as4m.eu\/en\/wp-json\/wp\/v2\/users\/1"}],"replies":[{"embeddable":true,"href":"https:\/\/as4m.eu\/en\/wp-json\/wp\/v2\/comments?post=844"}],"version-history":[{"count":14,"href":"https:\/\/as4m.eu\/en\/wp-json\/wp\/v2\/pages\/844\/revisions"}],"predecessor-version":[{"id":4146,"href":"https:\/\/as4m.eu\/en\/wp-json\/wp\/v2\/pages\/844\/revisions\/4146"}],"wp:attachment":[{"href":"https:\/\/as4m.eu\/en\/wp-json\/wp\/v2\/media?parent=844"}],"curies":[{"name":"wp","href":"https:\/\/api.w.org\/{rel}","templated":true}]}}